{"id":158984,"date":"2025-02-18T13:23:24","date_gmt":"2025-02-18T10:23:24","guid":{"rendered":"https:\/\/icapcrif.com\/?page_id=158984"},"modified":"2025-02-18T13:23:24","modified_gmt":"2025-02-18T10:23:24","slug":"esg-summit-markou","status":"publish","type":"page","link":"https:\/\/icapcrif.com\/en\/esg-summit-markou\/","title":{"rendered":"ESG Summit-Markou"},"content":{"rendered":"<p><img loading=\"lazy\" decoding=\"async\" class=\"alignnone size-medium wp-image-158986\" src=\"https:\/\/icapcrif.com\/wp-content\/uploads\/2025\/02\/Foteini-Markou-business-portrait-200x300.jpg\" alt=\"\" width=\"200\" height=\"300\" srcset=\"https:\/\/icapcrif.com\/wp-content\/uploads\/2025\/02\/Foteini-Markou-business-portrait-200x300.jpg 200w, https:\/\/icapcrif.com\/wp-content\/uploads\/2025\/02\/Foteini-Markou-business-portrait-683x1024.jpg 683w, https:\/\/icapcrif.com\/wp-content\/uploads\/2025\/02\/Foteini-Markou-business-portrait-768x1152.jpg 768w, https:\/\/icapcrif.com\/wp-content\/uploads\/2025\/02\/Foteini-Markou-business-portrait-1024x1536.jpg 1024w, https:\/\/icapcrif.com\/wp-content\/uploads\/2025\/02\/Foteini-Markou-business-portrait-700x1050.jpg 700w, https:\/\/icapcrif.com\/wp-content\/uploads\/2025\/02\/Foteini-Markou-business-portrait-600x900.jpg 600w, https:\/\/icapcrif.com\/wp-content\/uploads\/2025\/02\/Foteini-Markou-business-portrait.jpg 1365w\" sizes=\"(max-width: 200px) 100vw, 200px\" \/><\/p>\n<p><strong>Foteini Markou<br \/>\n<\/strong><strong>Technical Content Manager at the Global Reporting Initiative (GRI)<\/strong><\/p>\n<p>&nbsp;<\/p>\n<p>Foteini Markou is a Technical Content Manager at the Global Reporting Initiative (GRI). While at GRI, she contributed to the project for the development of the GRI Climate Change Standards.<\/p>\n<p>&nbsp;<\/p>\n<p>Foteini has a background both in international and standard setting organizations as well as in the private sector. Prior to joining GRI, she gained experience in sustainability from different perspectives such as consulting, internal industry functions and international organizations. She has worked as an auditor in management systems and sustainability reporting as per international standards.<\/p>\n<p>&nbsp;<\/p>\n<p>Foteini has an academic background in Industrial Engineering and has obtained an MEng from the National Technical University of Athens (NTUA) and a Master\u2019s degree from the \u00c9cole Nationale Sup\u00e9rieure d&#8217; Arts et M\u00e9tiers (ENSAM) in Paris<\/p>\n","protected":false},"excerpt":{"rendered":"<p>Foteini Markou Technical Content Manager at the Global Reporting Initiative (GRI) &nbsp; Foteini Markou is a Technical Content Manager at the Global Reporting Initiative (GRI). While at GRI, she contributed to the project for the development of the GRI Climate Change Standards. &nbsp; Foteini has&#8230;<\/p>\n","protected":false},"author":5,"featured_media":0,"parent":0,"menu_order":0,"comment_status":"closed","ping_status":"open","template":"","meta":{"footnotes":""},"class_list":["post-158984","page","type-page","status-publish","hentry"],"yoast_head":"<!-- This site is optimized with the Yoast SEO plugin v19.3 - https:\/\/yoast.com\/wordpress\/plugins\/seo\/ -->\n<title>ESG Summit-Markou - ICAP CRIF<\/title>\n<meta name=\"robots\" content=\"index, follow, max-snippet:-1, max-image-preview:large, max-video-preview:-1\" \/>\n<link rel=\"canonical\" href=\"https:\/\/icapcrif.com\/en\/esg-summit-2025-markou\/\" \/>\n<meta property=\"og:locale\" content=\"en_US\" \/>\n<meta property=\"og:type\" content=\"article\" \/>\n<meta property=\"og:title\" content=\"ESG Summit-Markou - ICAP CRIF\" \/>\n<meta property=\"og:description\" content=\"Foteini Markou Technical Content Manager at the Global Reporting Initiative (GRI) &nbsp; Foteini Markou is a Technical Content Manager at the Global Reporting Initiative (GRI). While at GRI, she contributed to the project for the development of the GRI Climate Change Standards. &nbsp; Foteini has...\" \/>\n<meta property=\"og:url\" content=\"https:\/\/icapcrif.com\/esg-summit-2025-markou\/\" \/>\n<meta property=\"og:site_name\" content=\"ICAP CRIF\" \/>\n<meta property=\"article:publisher\" content=\"https:\/\/www.facebook.com\/ICAPCRIF\/\" \/>\n<meta property=\"og:image\" content=\"https:\/\/icapcrif.com\/wp-content\/uploads\/2025\/02\/Foteini-Markou-business-portrait-200x300.jpg\" \/>\n<meta name=\"twitter:card\" content=\"summary_large_image\" \/>\n<meta name=\"twitter:label1\" content=\"Est. reading time\" \/>\n\t<meta name=\"twitter:data1\" content=\"2 minutes\" \/>\n<script type=\"application\/ld+json\" class=\"yoast-schema-graph\">{\"@context\":\"https:\/\/schema.org\",\"@graph\":[{\"@type\":\"Organization\",\"@id\":\"https:\/\/icapcrif.com\/#organization\",\"name\":\"ICAP CRIF\",\"url\":\"https:\/\/icapcrif.com\/\",\"sameAs\":[\"https:\/\/www.linkedin.com\/company\/icap-crif\/\",\"https:\/\/www.facebook.com\/ICAPCRIF\/\"],\"logo\":{\"@type\":\"ImageObject\",\"inLanguage\":\"en-US\",\"@id\":\"https:\/\/icapcrif.com\/#\/schema\/logo\/image\/\",\"url\":\"https:\/\/www.icapcrif.com\/wp-content\/uploads\/2022\/02\/logo.png\",\"contentUrl\":\"https:\/\/www.icapcrif.com\/wp-content\/uploads\/2022\/02\/logo.png\",\"width\":1773,\"height\":781,\"caption\":\"ICAP CRIF\"},\"image\":{\"@id\":\"https:\/\/icapcrif.com\/#\/schema\/logo\/image\/\"}},{\"@type\":\"WebSite\",\"@id\":\"https:\/\/icapcrif.com\/#website\",\"url\":\"https:\/\/icapcrif.com\/\",\"name\":\"ICAP CRIF\",\"description\":\"One of the most successful regional Business Services Groups in South Eastern Europe.\",\"publisher\":{\"@id\":\"https:\/\/icapcrif.com\/#organization\"},\"potentialAction\":[{\"@type\":\"SearchAction\",\"target\":{\"@type\":\"EntryPoint\",\"urlTemplate\":\"https:\/\/icapcrif.com\/?s={search_term_string}\"},\"query-input\":\"required name=search_term_string\"}],\"inLanguage\":\"en-US\"},{\"@type\":\"ImageObject\",\"inLanguage\":\"en-US\",\"@id\":\"https:\/\/icapcrif.com\/esg-summit-2025-markou\/#primaryimage\",\"url\":\"https:\/\/icapcrif.com\/wp-content\/uploads\/2025\/02\/Foteini-Markou-business-portrait.jpg\",\"contentUrl\":\"https:\/\/icapcrif.com\/wp-content\/uploads\/2025\/02\/Foteini-Markou-business-portrait.jpg\",\"width\":1365,\"height\":2048},{\"@type\":\"WebPage\",\"@id\":\"https:\/\/icapcrif.com\/esg-summit-2025-markou\/\",\"url\":\"https:\/\/icapcrif.com\/esg-summit-2025-markou\/\",\"name\":\"ESG Summit-Markou - ICAP CRIF\",\"isPartOf\":{\"@id\":\"https:\/\/icapcrif.com\/#website\"},\"primaryImageOfPage\":{\"@id\":\"https:\/\/icapcrif.com\/esg-summit-2025-markou\/#primaryimage\"},\"datePublished\":\"2025-02-18T10:23:24+00:00\",\"dateModified\":\"2025-02-18T10:23:24+00:00\",\"breadcrumb\":{\"@id\":\"https:\/\/icapcrif.com\/esg-summit-2025-markou\/#breadcrumb\"},\"inLanguage\":\"en-US\",\"potentialAction\":[{\"@type\":\"ReadAction\",\"target\":[\"https:\/\/icapcrif.com\/esg-summit-2025-markou\/\"]}]},{\"@type\":\"BreadcrumbList\",\"@id\":\"https:\/\/icapcrif.com\/esg-summit-2025-markou\/#breadcrumb\",\"itemListElement\":[{\"@type\":\"ListItem\",\"position\":1,\"name\":\"Home\",\"item\":\"https:\/\/icapcrif.com\/en\/\"},{\"@type\":\"ListItem\",\"position\":2,\"name\":\"ESG Summit-Markou\"}]}]}<\/script>\n<!-- \/ Yoast SEO plugin. -->","yoast_head_json":{"title":"ESG Summit-Markou - ICAP CRIF","robots":{"index":"index","follow":"follow","max-snippet":"max-snippet:-1","max-image-preview":"max-image-preview:large","max-video-preview":"max-video-preview:-1"},"canonical":"https:\/\/icapcrif.com\/en\/esg-summit-2025-markou\/","og_locale":"en_US","og_type":"article","og_title":"ESG Summit-Markou - ICAP CRIF","og_description":"Foteini Markou Technical Content Manager at the Global Reporting Initiative (GRI) &nbsp; Foteini Markou is a Technical Content Manager at the Global Reporting Initiative (GRI). While at GRI, she contributed to the project for the development of the GRI Climate Change Standards. &nbsp; Foteini has...","og_url":"https:\/\/icapcrif.com\/esg-summit-2025-markou\/","og_site_name":"ICAP CRIF","article_publisher":"https:\/\/www.facebook.com\/ICAPCRIF\/","og_image":[{"url":"https:\/\/icapcrif.com\/wp-content\/uploads\/2025\/02\/Foteini-Markou-business-portrait-200x300.jpg"}],"twitter_card":"summary_large_image","twitter_misc":{"Est. reading time":"2 minutes"},"schema":{"@context":"https:\/\/schema.org","@graph":[{"@type":"Organization","@id":"https:\/\/icapcrif.com\/#organization","name":"ICAP CRIF","url":"https:\/\/icapcrif.com\/","sameAs":["https:\/\/www.linkedin.com\/company\/icap-crif\/","https:\/\/www.facebook.com\/ICAPCRIF\/"],"logo":{"@type":"ImageObject","inLanguage":"en-US","@id":"https:\/\/icapcrif.com\/#\/schema\/logo\/image\/","url":"https:\/\/www.icapcrif.com\/wp-content\/uploads\/2022\/02\/logo.png","contentUrl":"https:\/\/www.icapcrif.com\/wp-content\/uploads\/2022\/02\/logo.png","width":1773,"height":781,"caption":"ICAP CRIF"},"image":{"@id":"https:\/\/icapcrif.com\/#\/schema\/logo\/image\/"}},{"@type":"WebSite","@id":"https:\/\/icapcrif.com\/#website","url":"https:\/\/icapcrif.com\/","name":"ICAP CRIF","description":"One of the most successful regional Business Services Groups in South Eastern Europe.","publisher":{"@id":"https:\/\/icapcrif.com\/#organization"},"potentialAction":[{"@type":"SearchAction","target":{"@type":"EntryPoint","urlTemplate":"https:\/\/icapcrif.com\/?s={search_term_string}"},"query-input":"required name=search_term_string"}],"inLanguage":"en-US"},{"@type":"ImageObject","inLanguage":"en-US","@id":"https:\/\/icapcrif.com\/esg-summit-2025-markou\/#primaryimage","url":"https:\/\/icapcrif.com\/wp-content\/uploads\/2025\/02\/Foteini-Markou-business-portrait.jpg","contentUrl":"https:\/\/icapcrif.com\/wp-content\/uploads\/2025\/02\/Foteini-Markou-business-portrait.jpg","width":1365,"height":2048},{"@type":"WebPage","@id":"https:\/\/icapcrif.com\/esg-summit-2025-markou\/","url":"https:\/\/icapcrif.com\/esg-summit-2025-markou\/","name":"ESG Summit-Markou - ICAP CRIF","isPartOf":{"@id":"https:\/\/icapcrif.com\/#website"},"primaryImageOfPage":{"@id":"https:\/\/icapcrif.com\/esg-summit-2025-markou\/#primaryimage"},"datePublished":"2025-02-18T10:23:24+00:00","dateModified":"2025-02-18T10:23:24+00:00","breadcrumb":{"@id":"https:\/\/icapcrif.com\/esg-summit-2025-markou\/#breadcrumb"},"inLanguage":"en-US","potentialAction":[{"@type":"ReadAction","target":["https:\/\/icapcrif.com\/esg-summit-2025-markou\/"]}]},{"@type":"BreadcrumbList","@id":"https:\/\/icapcrif.com\/esg-summit-2025-markou\/#breadcrumb","itemListElement":[{"@type":"ListItem","position":1,"name":"Home","item":"https:\/\/icapcrif.com\/en\/"},{"@type":"ListItem","position":2,"name":"ESG Summit-Markou"}]}]}},"_links":{"self":[{"href":"https:\/\/icapcrif.com\/en\/wp-json\/wp\/v2\/pages\/158984\/"}],"collection":[{"href":"https:\/\/icapcrif.com\/en\/wp-json\/wp\/v2\/pages\/"}],"about":[{"href":"https:\/\/icapcrif.com\/en\/wp-json\/wp\/v2\/types\/page\/"}],"author":[{"embeddable":true,"href":"https:\/\/icapcrif.com\/en\/wp-json\/wp\/v2\/users\/5\/"}],"replies":[{"embeddable":true,"href":"https:\/\/icapcrif.com\/en\/wp-json\/wp\/v2\/comments\/?post=158984"}],"version-history":[{"count":1,"href":"https:\/\/icapcrif.com\/en\/wp-json\/wp\/v2\/pages\/158984\/revisions\/"}],"predecessor-version":[{"id":158988,"href":"https:\/\/icapcrif.com\/en\/wp-json\/wp\/v2\/pages\/158984\/revisions\/158988\/"}],"wp:attachment":[{"href":"https:\/\/icapcrif.com\/en\/wp-json\/wp\/v2\/media\/?parent=158984"}],"curies":[{"name":"wp","href":"https:\/\/api.w.org\/{rel}","templated":true}]}}