{"id":159005,"date":"2025-02-18T13:43:13","date_gmt":"2025-02-18T10:43:13","guid":{"rendered":"https:\/\/icapcrif.com\/?page_id=159005"},"modified":"2025-02-18T13:43:13","modified_gmt":"2025-02-18T10:43:13","slug":"esg-summit-gouzelos","status":"publish","type":"page","link":"https:\/\/icapcrif.com\/en\/esg-summit-gouzelos\/","title":{"rendered":"ESG Summit-Gouzelos"},"content":{"rendered":"<p><img loading=\"lazy\" decoding=\"async\" class=\"alignnone size-full wp-image-159007\" src=\"https:\/\/icapcrif.com\/wp-content\/uploads\/2025\/02\/Gouzelos-photo.jpg\" alt=\"\" width=\"224\" height=\"295\" \/><\/p>\n<p><strong>Nicolas Gouzelos<\/strong><br \/>\n<strong>Director at ICAP CRIF Risk Training Institute (RTI)<\/strong><\/p>\n<p>&nbsp;<\/p>\n<p>Nicolas Gouzelos\u2019 current post (last 8 years) is Director at ICAP CRIF Risk Training Institute (RTI), a business unit of ICAP CRIF dedicated to training &amp; educating Risk Officers in Greece and the Balkans. For the last 5 years he is also Chair at the Hellenic Association of Risk Managers (H.A.RI.MA.) member of Federation of European Risk Management Associations (FERMA), Federation of European Credit Management Associations (FECMA) and the International Society of Sustainability Professionals (ISSP).<\/p>\n<p>&nbsp;<\/p>\n<p>He has vast experience (Marketing, Sales, Training, Insurance, Credit, Finance, Risk) of over 30 years in a variety of B2B business sectors such as automotive (VW, Ford Motor) leasing (Soci\u00e9t\u00e9 G\u00e9n\u00e9rale), insurance (AON, Groupana) &amp; banking (Citibank). Nicolas holds a BSc in Business Administration (USA) and an MBA (UK). He is married and a father of 3 children.<\/p>\n","protected":false},"excerpt":{"rendered":"<p>Nicolas Gouzelos Director at ICAP CRIF Risk Training Institute (RTI) &nbsp; Nicolas Gouzelos\u2019 current post (last 8 years) is Director at ICAP CRIF Risk Training Institute (RTI), a business unit of ICAP CRIF dedicated to training &amp; educating Risk Officers in Greece and the Balkans&#8230;.<\/p>\n","protected":false},"author":5,"featured_media":0,"parent":0,"menu_order":0,"comment_status":"closed","ping_status":"open","template":"","meta":{"footnotes":""},"class_list":["post-159005","page","type-page","status-publish","hentry"],"yoast_head":"<!-- This site is optimized with the Yoast SEO plugin v19.3 - https:\/\/yoast.com\/wordpress\/plugins\/seo\/ -->\n<title>ESG Summit-Gouzelos - ICAP CRIF<\/title>\n<meta name=\"robots\" content=\"index, follow, max-snippet:-1, max-image-preview:large, max-video-preview:-1\" \/>\n<link rel=\"canonical\" href=\"https:\/\/icapcrif.com\/en\/esg-summit-gouzelos\/\" \/>\n<meta property=\"og:locale\" content=\"en_US\" \/>\n<meta property=\"og:type\" content=\"article\" \/>\n<meta property=\"og:title\" content=\"ESG Summit-Gouzelos - ICAP CRIF\" \/>\n<meta property=\"og:description\" content=\"Nicolas Gouzelos Director at ICAP CRIF Risk Training Institute (RTI) &nbsp; Nicolas Gouzelos\u2019 current post (last 8 years) is Director at ICAP CRIF Risk Training Institute (RTI), a business unit of ICAP CRIF dedicated to training &amp; educating Risk Officers in Greece and the Balkans....\" \/>\n<meta property=\"og:url\" content=\"https:\/\/icapcrif.com\/en\/esg-summit-gouzelos\/\" \/>\n<meta property=\"og:site_name\" content=\"ICAP CRIF\" \/>\n<meta property=\"article:publisher\" content=\"https:\/\/www.facebook.com\/ICAPCRIF\/\" \/>\n<meta property=\"og:image\" content=\"https:\/\/icapcrif.com\/wp-content\/uploads\/2025\/02\/Gouzelos-photo.jpg\" \/>\n<meta name=\"twitter:card\" content=\"summary_large_image\" \/>\n<meta name=\"twitter:label1\" content=\"Est. reading time\" \/>\n\t<meta name=\"twitter:data1\" content=\"2 minutes\" \/>\n<script type=\"application\/ld+json\" class=\"yoast-schema-graph\">{\"@context\":\"https:\/\/schema.org\",\"@graph\":[{\"@type\":\"Organization\",\"@id\":\"https:\/\/icapcrif.com\/#organization\",\"name\":\"ICAP CRIF\",\"url\":\"https:\/\/icapcrif.com\/\",\"sameAs\":[\"https:\/\/www.linkedin.com\/company\/icap-crif\/\",\"https:\/\/www.facebook.com\/ICAPCRIF\/\"],\"logo\":{\"@type\":\"ImageObject\",\"inLanguage\":\"en-US\",\"@id\":\"https:\/\/icapcrif.com\/#\/schema\/logo\/image\/\",\"url\":\"https:\/\/www.icapcrif.com\/wp-content\/uploads\/2022\/02\/logo.png\",\"contentUrl\":\"https:\/\/www.icapcrif.com\/wp-content\/uploads\/2022\/02\/logo.png\",\"width\":1773,\"height\":781,\"caption\":\"ICAP CRIF\"},\"image\":{\"@id\":\"https:\/\/icapcrif.com\/#\/schema\/logo\/image\/\"}},{\"@type\":\"WebSite\",\"@id\":\"https:\/\/icapcrif.com\/#website\",\"url\":\"https:\/\/icapcrif.com\/\",\"name\":\"ICAP CRIF\",\"description\":\"One of the most successful regional Business Services Groups in South Eastern Europe.\",\"publisher\":{\"@id\":\"https:\/\/icapcrif.com\/#organization\"},\"potentialAction\":[{\"@type\":\"SearchAction\",\"target\":{\"@type\":\"EntryPoint\",\"urlTemplate\":\"https:\/\/icapcrif.com\/?s={search_term_string}\"},\"query-input\":\"required name=search_term_string\"}],\"inLanguage\":\"en-US\"},{\"@type\":\"ImageObject\",\"inLanguage\":\"en-US\",\"@id\":\"https:\/\/icapcrif.com\/en\/esg-summit-gouzelos\/#primaryimage\",\"url\":\"https:\/\/icapcrif.com\/wp-content\/uploads\/2025\/02\/Gouzelos-photo.jpg\",\"contentUrl\":\"https:\/\/icapcrif.com\/wp-content\/uploads\/2025\/02\/Gouzelos-photo.jpg\",\"width\":224,\"height\":295},{\"@type\":\"WebPage\",\"@id\":\"https:\/\/icapcrif.com\/en\/esg-summit-gouzelos\/\",\"url\":\"https:\/\/icapcrif.com\/en\/esg-summit-gouzelos\/\",\"name\":\"ESG Summit-Gouzelos - ICAP CRIF\",\"isPartOf\":{\"@id\":\"https:\/\/icapcrif.com\/#website\"},\"primaryImageOfPage\":{\"@id\":\"https:\/\/icapcrif.com\/en\/esg-summit-gouzelos\/#primaryimage\"},\"datePublished\":\"2025-02-18T10:43:13+00:00\",\"dateModified\":\"2025-02-18T10:43:13+00:00\",\"breadcrumb\":{\"@id\":\"https:\/\/icapcrif.com\/en\/esg-summit-gouzelos\/#breadcrumb\"},\"inLanguage\":\"en-US\",\"potentialAction\":[{\"@type\":\"ReadAction\",\"target\":[\"https:\/\/icapcrif.com\/en\/esg-summit-gouzelos\/\"]}]},{\"@type\":\"BreadcrumbList\",\"@id\":\"https:\/\/icapcrif.com\/en\/esg-summit-gouzelos\/#breadcrumb\",\"itemListElement\":[{\"@type\":\"ListItem\",\"position\":1,\"name\":\"Home\",\"item\":\"https:\/\/icapcrif.com\/en\/\"},{\"@type\":\"ListItem\",\"position\":2,\"name\":\"ESG Summit-Gouzelos\"}]}]}<\/script>\n<!-- \/ Yoast SEO plugin. -->","yoast_head_json":{"title":"ESG Summit-Gouzelos - ICAP CRIF","robots":{"index":"index","follow":"follow","max-snippet":"max-snippet:-1","max-image-preview":"max-image-preview:large","max-video-preview":"max-video-preview:-1"},"canonical":"https:\/\/icapcrif.com\/en\/esg-summit-gouzelos\/","og_locale":"en_US","og_type":"article","og_title":"ESG Summit-Gouzelos - ICAP CRIF","og_description":"Nicolas Gouzelos Director at ICAP CRIF Risk Training Institute (RTI) &nbsp; Nicolas Gouzelos\u2019 current post (last 8 years) is Director at ICAP CRIF Risk Training Institute (RTI), a business unit of ICAP CRIF dedicated to training &amp; educating Risk Officers in Greece and the Balkans....","og_url":"https:\/\/icapcrif.com\/en\/esg-summit-gouzelos\/","og_site_name":"ICAP CRIF","article_publisher":"https:\/\/www.facebook.com\/ICAPCRIF\/","og_image":[{"url":"https:\/\/icapcrif.com\/wp-content\/uploads\/2025\/02\/Gouzelos-photo.jpg"}],"twitter_card":"summary_large_image","twitter_misc":{"Est. reading time":"2 minutes"},"schema":{"@context":"https:\/\/schema.org","@graph":[{"@type":"Organization","@id":"https:\/\/icapcrif.com\/#organization","name":"ICAP CRIF","url":"https:\/\/icapcrif.com\/","sameAs":["https:\/\/www.linkedin.com\/company\/icap-crif\/","https:\/\/www.facebook.com\/ICAPCRIF\/"],"logo":{"@type":"ImageObject","inLanguage":"en-US","@id":"https:\/\/icapcrif.com\/#\/schema\/logo\/image\/","url":"https:\/\/www.icapcrif.com\/wp-content\/uploads\/2022\/02\/logo.png","contentUrl":"https:\/\/www.icapcrif.com\/wp-content\/uploads\/2022\/02\/logo.png","width":1773,"height":781,"caption":"ICAP CRIF"},"image":{"@id":"https:\/\/icapcrif.com\/#\/schema\/logo\/image\/"}},{"@type":"WebSite","@id":"https:\/\/icapcrif.com\/#website","url":"https:\/\/icapcrif.com\/","name":"ICAP CRIF","description":"One of the most successful regional Business Services Groups in South Eastern Europe.","publisher":{"@id":"https:\/\/icapcrif.com\/#organization"},"potentialAction":[{"@type":"SearchAction","target":{"@type":"EntryPoint","urlTemplate":"https:\/\/icapcrif.com\/?s={search_term_string}"},"query-input":"required name=search_term_string"}],"inLanguage":"en-US"},{"@type":"ImageObject","inLanguage":"en-US","@id":"https:\/\/icapcrif.com\/en\/esg-summit-gouzelos\/#primaryimage","url":"https:\/\/icapcrif.com\/wp-content\/uploads\/2025\/02\/Gouzelos-photo.jpg","contentUrl":"https:\/\/icapcrif.com\/wp-content\/uploads\/2025\/02\/Gouzelos-photo.jpg","width":224,"height":295},{"@type":"WebPage","@id":"https:\/\/icapcrif.com\/en\/esg-summit-gouzelos\/","url":"https:\/\/icapcrif.com\/en\/esg-summit-gouzelos\/","name":"ESG Summit-Gouzelos - ICAP CRIF","isPartOf":{"@id":"https:\/\/icapcrif.com\/#website"},"primaryImageOfPage":{"@id":"https:\/\/icapcrif.com\/en\/esg-summit-gouzelos\/#primaryimage"},"datePublished":"2025-02-18T10:43:13+00:00","dateModified":"2025-02-18T10:43:13+00:00","breadcrumb":{"@id":"https:\/\/icapcrif.com\/en\/esg-summit-gouzelos\/#breadcrumb"},"inLanguage":"en-US","potentialAction":[{"@type":"ReadAction","target":["https:\/\/icapcrif.com\/en\/esg-summit-gouzelos\/"]}]},{"@type":"BreadcrumbList","@id":"https:\/\/icapcrif.com\/en\/esg-summit-gouzelos\/#breadcrumb","itemListElement":[{"@type":"ListItem","position":1,"name":"Home","item":"https:\/\/icapcrif.com\/en\/"},{"@type":"ListItem","position":2,"name":"ESG Summit-Gouzelos"}]}]}},"_links":{"self":[{"href":"https:\/\/icapcrif.com\/en\/wp-json\/wp\/v2\/pages\/159005\/"}],"collection":[{"href":"https:\/\/icapcrif.com\/en\/wp-json\/wp\/v2\/pages\/"}],"about":[{"href":"https:\/\/icapcrif.com\/en\/wp-json\/wp\/v2\/types\/page\/"}],"author":[{"embeddable":true,"href":"https:\/\/icapcrif.com\/en\/wp-json\/wp\/v2\/users\/5\/"}],"replies":[{"embeddable":true,"href":"https:\/\/icapcrif.com\/en\/wp-json\/wp\/v2\/comments\/?post=159005"}],"version-history":[{"count":1,"href":"https:\/\/icapcrif.com\/en\/wp-json\/wp\/v2\/pages\/159005\/revisions\/"}],"predecessor-version":[{"id":159011,"href":"https:\/\/icapcrif.com\/en\/wp-json\/wp\/v2\/pages\/159005\/revisions\/159011\/"}],"wp:attachment":[{"href":"https:\/\/icapcrif.com\/en\/wp-json\/wp\/v2\/media\/?parent=159005"}],"curies":[{"name":"wp","href":"https:\/\/api.w.org\/{rel}","templated":true}]}}